{"id":3484,"date":"2025-04-03T14:32:06","date_gmt":"2025-04-03T17:32:06","guid":{"rendered":"https:\/\/thejoyschool-matriz.com.br\/?page_id=3484"},"modified":"2026-02-02T17:09:06","modified_gmt":"2026-02-02T20:09:06","slug":"galeria","status":"publish","type":"page","link":"https:\/\/thejoyschool-matriz.com.br\/en\/galeria\/","title":{"rendered":"The Joy Gallery"},"content":{"rendered":"<div data-elementor-type=\"wp-page\" data-elementor-id=\"3484\" class=\"elementor elementor-3484\" data-elementor-post-type=\"page\">\n\t\t\t\t<div data-particle_enable=\"false\" data-particle-mobile-disabled=\"false\" class=\"elementor-element elementor-element-98f7a86 e-flex e-con-boxed wpr-particle-no wpr-jarallax-no wpr-parallax-no wpr-sticky-section-no wpr-equal-height-no e-con e-parent\" data-id=\"98f7a86\" data-element_type=\"container\" data-e-type=\"container\">\n\t\t\t\t\t<div class=\"e-con-inner\">\n\t\t\t\t<div class=\"elementor-element elementor-element-1681335 elementor-widget elementor-widget-heading\" data-id=\"1681335\" data-element_type=\"widget\" data-e-type=\"widget\" data-widget_type=\"heading.default\">\n\t\t\t\t<div class=\"elementor-widget-container\">\n\t\t\t\t\t<h2 class=\"elementor-heading-title elementor-size-default\">The Joy Gallery<\/h2>\t\t\t\t<\/div>\n\t\t\t\t<\/div>\n\t\t\t\t<div class=\"elementor-element elementor-element-f3b9cf9 elementor-widget elementor-widget-eael-protected-content\" data-id=\"f3b9cf9\" data-element_type=\"widget\" data-e-type=\"widget\" data-widget_type=\"eael-protected-content.default\">\n\t\t\t\t<div class=\"elementor-widget-container\">\n\t\t\t\t\t\t\t\t        <div class=\"eael-protected-content-message\">\n\t\t\t<style>.elementor-widget-container .eael-protected-content-message{font-family:var( --e-global-typography-secondary-font-family ), Montserrat;font-weight:var( --e-global-typography-secondary-font-weight );}.elementor-widget-container .protected-content-error-msg{font-family:var( --e-global-typography-secondary-font-family ), Montserrat;font-weight:var( --e-global-typography-secondary-font-weight );}.elementor-3743 .elementor-element.elementor-element-30b9f2a{--display:flex;--flex-direction:column;--container-widget-width:calc( ( 1 - var( --container-widget-flex-grow ) ) * 100% );--container-widget-height:initial;--container-widget-flex-grow:0;--container-widget-align-self:initial;--flex-wrap-mobile:wrap;--align-items:center;}.elementor-widget-image-carousel .eael-protected-content-message{font-family:var( --e-global-typography-secondary-font-family ), Montserrat;font-weight:var( --e-global-typography-secondary-font-weight );}.elementor-widget-image-carousel .protected-content-error-msg{font-family:var( --e-global-typography-secondary-font-family ), Montserrat;font-weight:var( --e-global-typography-secondary-font-weight );}.elementor-3743 .elementor-element.elementor-element-202ed07{--e-image-carousel-slides-to-show:1;width:var( --container-widget-width, 79% );max-width:79%;--container-widget-width:79%;--container-widget-flex-grow:0;}.elementor-widget-heading .elementor-heading-title{font-family:var( --e-global-typography-primary-font-family ), Montserrat;font-weight:var( --e-global-typography-primary-font-weight );color:var( --e-global-color-primary );}.elementor-widget-heading .eael-protected-content-message{font-family:var( --e-global-typography-secondary-font-family ), Montserrat;font-weight:var( --e-global-typography-secondary-font-weight );}.elementor-widget-heading .protected-content-error-msg{font-family:var( --e-global-typography-secondary-font-family ), Montserrat;font-weight:var( --e-global-typography-secondary-font-weight );}.elementor-3743 .elementor-element.elementor-element-ec5314e{text-align:center;}.elementor-3743 .elementor-element.elementor-element-ec5314e .elementor-heading-title{font-family:\"Montserrat\", Montserrat;font-size:14px;font-weight:600;color:#FFFFFF;}@media(min-width:768px){.elementor-3743 .elementor-element.elementor-element-30b9f2a{--content-width:650px;}}<\/style>\t\t<div data-elementor-type=\"section\" data-elementor-id=\"3743\" class=\"elementor elementor-3743\" data-elementor-post-type=\"elementor_library\">\n\t\t\t<div data-particle_enable=\"false\" data-particle-mobile-disabled=\"false\" class=\"elementor-element elementor-element-30b9f2a e-flex e-con-boxed wpr-particle-no wpr-jarallax-no wpr-parallax-no wpr-sticky-section-no wpr-equal-height-no e-con e-parent\" data-id=\"30b9f2a\" data-element_type=\"container\" data-e-type=\"container\">\n\t\t\t\t\t<div class=\"e-con-inner\">\n\t\t\t\t<div class=\"elementor-element elementor-element-202ed07 elementor-widget__width-initial elementor-widget elementor-widget-image-carousel\" data-id=\"202ed07\" data-element_type=\"widget\" data-e-type=\"widget\" data-settings=\"{&quot;slides_to_show&quot;:&quot;1&quot;,&quot;navigation&quot;:&quot;none&quot;,&quot;autoplay_speed&quot;:3000,&quot;effect&quot;:&quot;fade&quot;,&quot;autoplay&quot;:&quot;yes&quot;,&quot;pause_on_interaction&quot;:&quot;yes&quot;,&quot;infinite&quot;:&quot;yes&quot;,&quot;speed&quot;:500}\" data-widget_type=\"image-carousel.default\">\n\t\t\t\t<div class=\"elementor-widget-container\">\n\t\t\t\t\t\t\t<div class=\"elementor-image-carousel-wrapper swiper\" role=\"region\" aria-roledescription=\"carousel\" aria-label=\"Carrossel de imagens\" dir=\"ltr\">\n\t\t\t<div class=\"elementor-image-carousel swiper-wrapper swiper-image-stretch\" aria-live=\"off\">\n\t\t\t\t\t\t\t\t<div class=\"swiper-slide\" role=\"group\" aria-roledescription=\"slide\" aria-label=\"1 of 16\" data-no-translation-aria-label=\"\"><figure class=\"swiper-slide-inner\"><img decoding=\"async\" class=\"swiper-slide-image\" src=\"https:\/\/thejoyschool-matriz.com.br\/wp-content\/uploads\/2026\/02\/1.jpg\" alt=\"1\" \/><\/figure><\/div><div class=\"swiper-slide\" role=\"group\" aria-roledescription=\"slide\" aria-label=\"2 of 16\" data-no-translation-aria-label=\"\"><figure class=\"swiper-slide-inner\"><img decoding=\"async\" class=\"swiper-slide-image\" src=\"https:\/\/thejoyschool-matriz.com.br\/wp-content\/uploads\/2026\/02\/2.jpg\" alt=\"2\" \/><\/figure><\/div><div class=\"swiper-slide\" role=\"group\" aria-roledescription=\"slide\" aria-label=\"3 of 16\" data-no-translation-aria-label=\"\"><figure class=\"swiper-slide-inner\"><img decoding=\"async\" class=\"swiper-slide-image\" src=\"https:\/\/thejoyschool-matriz.com.br\/wp-content\/uploads\/2026\/02\/3.jpg\" alt=\"3\" \/><\/figure><\/div><div class=\"swiper-slide\" role=\"group\" aria-roledescription=\"slide\" aria-label=\"4 of 16\" data-no-translation-aria-label=\"\"><figure class=\"swiper-slide-inner\"><img decoding=\"async\" class=\"swiper-slide-image\" src=\"https:\/\/thejoyschool-matriz.com.br\/wp-content\/uploads\/2026\/02\/4.jpg\" alt=\"4\" \/><\/figure><\/div><div class=\"swiper-slide\" role=\"group\" aria-roledescription=\"slide\" aria-label=\"5 of 16\" data-no-translation-aria-label=\"\"><figure class=\"swiper-slide-inner\"><img decoding=\"async\" class=\"swiper-slide-image\" src=\"https:\/\/thejoyschool-matriz.com.br\/wp-content\/uploads\/2026\/02\/5.jpg\" alt=\"5\" \/><\/figure><\/div><div class=\"swiper-slide\" role=\"group\" aria-roledescription=\"slide\" aria-label=\"6 of 16\" data-no-translation-aria-label=\"\"><figure class=\"swiper-slide-inner\"><img decoding=\"async\" class=\"swiper-slide-image\" src=\"https:\/\/thejoyschool-matriz.com.br\/wp-content\/uploads\/2026\/02\/6.jpg\" alt=\"6\" \/><\/figure><\/div><div class=\"swiper-slide\" role=\"group\" aria-roledescription=\"slide\" aria-label=\"7 of 16\" data-no-translation-aria-label=\"\"><figure class=\"swiper-slide-inner\"><img decoding=\"async\" class=\"swiper-slide-image\" src=\"https:\/\/thejoyschool-matriz.com.br\/wp-content\/uploads\/2026\/02\/7.jpg\" alt=\"7\" \/><\/figure><\/div><div class=\"swiper-slide\" role=\"group\" aria-roledescription=\"slide\" aria-label=\"8 of 16\" data-no-translation-aria-label=\"\"><figure class=\"swiper-slide-inner\"><img decoding=\"async\" class=\"swiper-slide-image\" src=\"https:\/\/thejoyschool-matriz.com.br\/wp-content\/uploads\/2026\/02\/8.jpg\" alt=\"8\" \/><\/figure><\/div><div class=\"swiper-slide\" role=\"group\" aria-roledescription=\"slide\" aria-label=\"9 of 16\" data-no-translation-aria-label=\"\"><figure class=\"swiper-slide-inner\"><img decoding=\"async\" class=\"swiper-slide-image\" src=\"https:\/\/thejoyschool-matriz.com.br\/wp-content\/uploads\/2026\/02\/9.jpg\" alt=\"9\" \/><\/figure><\/div><div class=\"swiper-slide\" role=\"group\" aria-roledescription=\"slide\" aria-label=\"10 of 16\" data-no-translation-aria-label=\"\"><figure class=\"swiper-slide-inner\"><img decoding=\"async\" class=\"swiper-slide-image\" src=\"https:\/\/thejoyschool-matriz.com.br\/wp-content\/uploads\/2026\/02\/10.jpg\" alt=\"10\" \/><\/figure><\/div><div class=\"swiper-slide\" role=\"group\" aria-roledescription=\"slide\" aria-label=\"11 of 16\" data-no-translation-aria-label=\"\"><figure class=\"swiper-slide-inner\"><img decoding=\"async\" class=\"swiper-slide-image\" src=\"https:\/\/thejoyschool-matriz.com.br\/wp-content\/uploads\/2026\/02\/11.jpg\" alt=\"11\" \/><\/figure><\/div><div class=\"swiper-slide\" role=\"group\" aria-roledescription=\"slide\" aria-label=\"12 of 16\" data-no-translation-aria-label=\"\"><figure class=\"swiper-slide-inner\"><img decoding=\"async\" class=\"swiper-slide-image\" src=\"https:\/\/thejoyschool-matriz.com.br\/wp-content\/uploads\/2026\/02\/12.jpg\" alt=\"12\" \/><\/figure><\/div><div class=\"swiper-slide\" role=\"group\" aria-roledescription=\"slide\" aria-label=\"13 of 16\" data-no-translation-aria-label=\"\"><figure class=\"swiper-slide-inner\"><img decoding=\"async\" class=\"swiper-slide-image\" src=\"https:\/\/thejoyschool-matriz.com.br\/wp-content\/uploads\/2026\/02\/13.jpg\" alt=\"13\" \/><\/figure><\/div><div class=\"swiper-slide\" role=\"group\" aria-roledescription=\"slide\" aria-label=\"14 of 16\" data-no-translation-aria-label=\"\"><figure class=\"swiper-slide-inner\"><img decoding=\"async\" class=\"swiper-slide-image\" src=\"https:\/\/thejoyschool-matriz.com.br\/wp-content\/uploads\/2026\/02\/14.jpg\" alt=\"14\" \/><\/figure><\/div><div class=\"swiper-slide\" role=\"group\" aria-roledescription=\"slide\" aria-label=\"15 of 16\" data-no-translation-aria-label=\"\"><figure class=\"swiper-slide-inner\"><img decoding=\"async\" class=\"swiper-slide-image\" src=\"https:\/\/thejoyschool-matriz.com.br\/wp-content\/uploads\/2026\/02\/15.jpg\" alt=\"15\" \/><\/figure><\/div><div class=\"swiper-slide\" role=\"group\" aria-roledescription=\"slide\" aria-label=\"16 of 16\" data-no-translation-aria-label=\"\"><figure class=\"swiper-slide-inner\"><img decoding=\"async\" class=\"swiper-slide-image\" src=\"https:\/\/thejoyschool-matriz.com.br\/wp-content\/uploads\/2026\/02\/16.jpg\" alt=\"16\" \/><\/figure><\/div>\t\t\t<\/div>\n\t\t\t\t\t\t\t\n\t\t\t\t\t\t\t\t\t<\/div>\n\t\t\t\t\t\t<\/div>\n\t\t\t\t<\/div>\n\t\t\t\t<div class=\"elementor-element elementor-element-ec5314e elementor-widget elementor-widget-heading\" data-id=\"ec5314e\" data-element_type=\"widget\" data-e-type=\"widget\" data-widget_type=\"heading.default\">\n\t\t\t\t<div class=\"elementor-widget-container\">\n\t\t\t\t\t<h2 class=\"elementor-heading-title elementor-size-default\">Para seguran\u00e7a de nossos alunos,  este conte\u00fado \u00e9 protegido por senha.<\/h2>\t\t\t\t<\/div>\n\t\t\t\t<\/div>\n\t\t\t\t\t<\/div>\n\t\t\t\t<\/div>\n\t\t\t\t<\/div>\n\t\t        <\/div>\n\t\t        <div class=\"eael-password-protected-content-fields\">\n            <form action=\"\" id=\"eael_protected_content_form_f3b9cf9\" name=\"eael_protected_content_form_f3b9cf9\" method=\"post\" data-trp-original-action=\"\">\n                <input type=\"password\" name=\"protection_password_f3b9cf9\" class=\"eael-password\"\n                       placeholder=\"Digite sua senha\">\n                <input type=\"hidden\" name=\"eael_protected_content_nonce_f3b9cf9\"\n                       value=\"d52ef7b2a3\">\n                <input type=\"submit\" value=\"Entrar\"\n                       class=\"eael-submit\">\n\t\t\t\t<input name=\"eael_protected_content_id\" value=\"f3b9cf9\" type=\"hidden\">            <input\n                    class=\"apbct_special_field apbct_email_id__elementor_form\"\n                    name=\"apbct__email_id__elementor_form\"\n                    aria-label=\"apbct__label_id__elementor_form\"\n                    type=\"text\" size=\"30\" maxlength=\"200\" autocomplete=\"off\"\n                    value=\"\"\n                \/><input type=\"hidden\" name=\"trp-form-language\" value=\"en\"\/><\/form>\n\t                <\/div>\n\t\t\t\t\t\t\t\t\t\t<\/div>\n\t\t\t\t<\/div>\n\t\t\t\t\t<\/div>\n\t\t\t\t<\/div>\n\t\t\t\t<\/div>","protected":false},"excerpt":{"rendered":"<p>The Joy Gallery Para seguran\u00e7a de nossos alunos, este conte\u00fado \u00e9 protegido por senha.<\/p>","protected":false},"author":1,"featured_media":0,"parent":0,"menu_order":0,"comment_status":"closed","ping_status":"closed","template":"","meta":{"_joinchat":[],"footnotes":""},"class_list":["post-3484","page","type-page","status-publish","hentry"],"yoast_head":"<!-- This site is optimized with the Yoast SEO plugin v27.4 - https:\/\/yoast.com\/product\/yoast-seo-wordpress\/ -->\n<title>The Joy Gallery - The Joy School<\/title>\n<meta name=\"robots\" content=\"index, follow, max-snippet:-1, max-image-preview:large, max-video-preview:-1\" \/>\n<link rel=\"canonical\" href=\"https:\/\/thejoyschool-matriz.com.br\/en\/galeria\/\" \/>\n<meta property=\"og:locale\" content=\"en_US\" \/>\n<meta property=\"og:type\" content=\"article\" \/>\n<meta property=\"og:title\" content=\"The Joy Gallery - The Joy School\" \/>\n<meta property=\"og:description\" content=\"The Joy Gallery Para seguran\u00e7a de nossos alunos, este conte\u00fado \u00e9 protegido por senha.\" \/>\n<meta property=\"og:url\" content=\"https:\/\/thejoyschool-matriz.com.br\/en\/galeria\/\" \/>\n<meta property=\"og:site_name\" content=\"The Joy School\" \/>\n<meta property=\"article:publisher\" content=\"https:\/\/www.facebook.com\/TheJoySchoolBrasil\" \/>\n<meta property=\"article:modified_time\" content=\"2026-02-02T20:09:06+00:00\" \/>\n<meta property=\"og:image\" content=\"https:\/\/thejoyschool-matriz.com.br\/wp-content\/uploads\/2026\/02\/1.jpg\" \/>\n<meta name=\"twitter:card\" content=\"summary_large_image\" \/>\n<meta name=\"twitter:label1\" content=\"Est. reading time\" \/>\n\t<meta name=\"twitter:data1\" content=\"8 minutes\" \/>\n<script type=\"application\/ld+json\" class=\"yoast-schema-graph\">{\"@context\":\"https:\\\/\\\/schema.org\",\"@graph\":[{\"@type\":\"WebPage\",\"@id\":\"https:\\\/\\\/thejoyschool-matriz.com.br\\\/galeria\\\/\",\"url\":\"https:\\\/\\\/thejoyschool-matriz.com.br\\\/galeria\\\/\",\"name\":\"The Joy Gallery - The Joy School\",\"isPartOf\":{\"@id\":\"https:\\\/\\\/thejoyschool-matriz.com.br\\\/#website\"},\"primaryImageOfPage\":{\"@id\":\"https:\\\/\\\/thejoyschool-matriz.com.br\\\/galeria\\\/#primaryimage\"},\"image\":{\"@id\":\"https:\\\/\\\/thejoyschool-matriz.com.br\\\/galeria\\\/#primaryimage\"},\"thumbnailUrl\":\"https:\\\/\\\/thejoyschool-matriz.com.br\\\/wp-content\\\/uploads\\\/2026\\\/02\\\/1.jpg\",\"datePublished\":\"2025-04-03T17:32:06+00:00\",\"dateModified\":\"2026-02-02T20:09:06+00:00\",\"breadcrumb\":{\"@id\":\"https:\\\/\\\/thejoyschool-matriz.com.br\\\/galeria\\\/#breadcrumb\"},\"inLanguage\":\"en-US\",\"potentialAction\":[{\"@type\":\"ReadAction\",\"target\":[\"https:\\\/\\\/thejoyschool-matriz.com.br\\\/galeria\\\/\"]}]},{\"@type\":\"ImageObject\",\"inLanguage\":\"en-US\",\"@id\":\"https:\\\/\\\/thejoyschool-matriz.com.br\\\/galeria\\\/#primaryimage\",\"url\":\"https:\\\/\\\/thejoyschool-matriz.com.br\\\/wp-content\\\/uploads\\\/2026\\\/02\\\/1.jpg\",\"contentUrl\":\"https:\\\/\\\/thejoyschool-matriz.com.br\\\/wp-content\\\/uploads\\\/2026\\\/02\\\/1.jpg\"},{\"@type\":\"BreadcrumbList\",\"@id\":\"https:\\\/\\\/thejoyschool-matriz.com.br\\\/galeria\\\/#breadcrumb\",\"itemListElement\":[{\"@type\":\"ListItem\",\"position\":1,\"name\":\"In\u00edcio\",\"item\":\"https:\\\/\\\/thejoyschool-matriz.com.br\\\/\"},{\"@type\":\"ListItem\",\"position\":2,\"name\":\"The Joy Gallery\"}]},{\"@type\":\"WebSite\",\"@id\":\"https:\\\/\\\/thejoyschool-matriz.com.br\\\/#website\",\"url\":\"https:\\\/\\\/thejoyschool-matriz.com.br\\\/\",\"name\":\"The Joy School\",\"description\":\"Col\u00e9gio Bilingue\",\"publisher\":{\"@id\":\"https:\\\/\\\/thejoyschool-matriz.com.br\\\/#organization\"},\"potentialAction\":[{\"@type\":\"SearchAction\",\"target\":{\"@type\":\"EntryPoint\",\"urlTemplate\":\"https:\\\/\\\/thejoyschool-matriz.com.br\\\/?s={search_term_string}\"},\"query-input\":{\"@type\":\"PropertyValueSpecification\",\"valueRequired\":true,\"valueName\":\"search_term_string\"}}],\"inLanguage\":\"en-US\"},{\"@type\":\"Organization\",\"@id\":\"https:\\\/\\\/thejoyschool-matriz.com.br\\\/#organization\",\"name\":\"The Joy School\",\"url\":\"https:\\\/\\\/thejoyschool-matriz.com.br\\\/\",\"logo\":{\"@type\":\"ImageObject\",\"inLanguage\":\"en-US\",\"@id\":\"https:\\\/\\\/thejoyschool-matriz.com.br\\\/#\\\/schema\\\/logo\\\/image\\\/\",\"url\":\"https:\\\/\\\/thejoyschool-matriz.com.br\\\/wp-content\\\/uploads\\\/2023\\\/05\\\/logo_thejoy_edited.png\",\"contentUrl\":\"https:\\\/\\\/thejoyschool-matriz.com.br\\\/wp-content\\\/uploads\\\/2023\\\/05\\\/logo_thejoy_edited.png\",\"width\":1160,\"height\":420,\"caption\":\"The Joy School\"},\"image\":{\"@id\":\"https:\\\/\\\/thejoyschool-matriz.com.br\\\/#\\\/schema\\\/logo\\\/image\\\/\"},\"sameAs\":[\"https:\\\/\\\/www.facebook.com\\\/TheJoySchoolBrasil\",\"https:\\\/\\\/www.instagram.com\\\/thejoyschoolbrasil\\\/\",\"https:\\\/\\\/www.youtube.com\\\/@thejoyschoolbrasil\",\"https:\\\/\\\/www.linkedin.com\\\/company\\\/the-joy-school-franchises\\\/\"]}]}<\/script>\n<!-- \/ Yoast SEO plugin. -->","yoast_head_json":{"title":"The Joy Gallery - The Joy School","robots":{"index":"index","follow":"follow","max-snippet":"max-snippet:-1","max-image-preview":"max-image-preview:large","max-video-preview":"max-video-preview:-1"},"canonical":"https:\/\/thejoyschool-matriz.com.br\/en\/galeria\/","og_locale":"en_US","og_type":"article","og_title":"The Joy Gallery - The Joy School","og_description":"The Joy Gallery Para seguran\u00e7a de nossos alunos, este conte\u00fado \u00e9 protegido por senha.","og_url":"https:\/\/thejoyschool-matriz.com.br\/en\/galeria\/","og_site_name":"The Joy School","article_publisher":"https:\/\/www.facebook.com\/TheJoySchoolBrasil","article_modified_time":"2026-02-02T20:09:06+00:00","og_image":[{"url":"https:\/\/thejoyschool-matriz.com.br\/wp-content\/uploads\/2026\/02\/1.jpg","type":"","width":"","height":""}],"twitter_card":"summary_large_image","twitter_misc":{"Est. reading time":"8 minutes"},"schema":{"@context":"https:\/\/schema.org","@graph":[{"@type":"WebPage","@id":"https:\/\/thejoyschool-matriz.com.br\/galeria\/","url":"https:\/\/thejoyschool-matriz.com.br\/galeria\/","name":"The Joy Gallery - The Joy School","isPartOf":{"@id":"https:\/\/thejoyschool-matriz.com.br\/#website"},"primaryImageOfPage":{"@id":"https:\/\/thejoyschool-matriz.com.br\/galeria\/#primaryimage"},"image":{"@id":"https:\/\/thejoyschool-matriz.com.br\/galeria\/#primaryimage"},"thumbnailUrl":"https:\/\/thejoyschool-matriz.com.br\/wp-content\/uploads\/2026\/02\/1.jpg","datePublished":"2025-04-03T17:32:06+00:00","dateModified":"2026-02-02T20:09:06+00:00","breadcrumb":{"@id":"https:\/\/thejoyschool-matriz.com.br\/galeria\/#breadcrumb"},"inLanguage":"en-US","potentialAction":[{"@type":"ReadAction","target":["https:\/\/thejoyschool-matriz.com.br\/galeria\/"]}]},{"@type":"ImageObject","inLanguage":"en-US","@id":"https:\/\/thejoyschool-matriz.com.br\/galeria\/#primaryimage","url":"https:\/\/thejoyschool-matriz.com.br\/wp-content\/uploads\/2026\/02\/1.jpg","contentUrl":"https:\/\/thejoyschool-matriz.com.br\/wp-content\/uploads\/2026\/02\/1.jpg"},{"@type":"BreadcrumbList","@id":"https:\/\/thejoyschool-matriz.com.br\/galeria\/#breadcrumb","itemListElement":[{"@type":"ListItem","position":1,"name":"In\u00edcio","item":"https:\/\/thejoyschool-matriz.com.br\/"},{"@type":"ListItem","position":2,"name":"The Joy Gallery"}]},{"@type":"WebSite","@id":"https:\/\/thejoyschool-matriz.com.br\/#website","url":"https:\/\/thejoyschool-matriz.com.br\/","name":"The Joy School","description":"Col\u00e9gio Bilingue","publisher":{"@id":"https:\/\/thejoyschool-matriz.com.br\/#organization"},"potentialAction":[{"@type":"SearchAction","target":{"@type":"EntryPoint","urlTemplate":"https:\/\/thejoyschool-matriz.com.br\/?s={search_term_string}"},"query-input":{"@type":"PropertyValueSpecification","valueRequired":true,"valueName":"search_term_string"}}],"inLanguage":"en-US"},{"@type":"Organization","@id":"https:\/\/thejoyschool-matriz.com.br\/#organization","name":"The Joy School","url":"https:\/\/thejoyschool-matriz.com.br\/","logo":{"@type":"ImageObject","inLanguage":"en-US","@id":"https:\/\/thejoyschool-matriz.com.br\/#\/schema\/logo\/image\/","url":"https:\/\/thejoyschool-matriz.com.br\/wp-content\/uploads\/2023\/05\/logo_thejoy_edited.png","contentUrl":"https:\/\/thejoyschool-matriz.com.br\/wp-content\/uploads\/2023\/05\/logo_thejoy_edited.png","width":1160,"height":420,"caption":"The Joy School"},"image":{"@id":"https:\/\/thejoyschool-matriz.com.br\/#\/schema\/logo\/image\/"},"sameAs":["https:\/\/www.facebook.com\/TheJoySchoolBrasil","https:\/\/www.instagram.com\/thejoyschoolbrasil\/","https:\/\/www.youtube.com\/@thejoyschoolbrasil","https:\/\/www.linkedin.com\/company\/the-joy-school-franchises\/"]}]}},"_links":{"self":[{"href":"https:\/\/thejoyschool-matriz.com.br\/en\/wp-json\/wp\/v2\/pages\/3484","targetHints":{"allow":["GET"]}}],"collection":[{"href":"https:\/\/thejoyschool-matriz.com.br\/en\/wp-json\/wp\/v2\/pages"}],"about":[{"href":"https:\/\/thejoyschool-matriz.com.br\/en\/wp-json\/wp\/v2\/types\/page"}],"author":[{"embeddable":true,"href":"https:\/\/thejoyschool-matriz.com.br\/en\/wp-json\/wp\/v2\/users\/1"}],"replies":[{"embeddable":true,"href":"https:\/\/thejoyschool-matriz.com.br\/en\/wp-json\/wp\/v2\/comments?post=3484"}],"version-history":[{"count":70,"href":"https:\/\/thejoyschool-matriz.com.br\/en\/wp-json\/wp\/v2\/pages\/3484\/revisions"}],"predecessor-version":[{"id":3800,"href":"https:\/\/thejoyschool-matriz.com.br\/en\/wp-json\/wp\/v2\/pages\/3484\/revisions\/3800"}],"wp:attachment":[{"href":"https:\/\/thejoyschool-matriz.com.br\/en\/wp-json\/wp\/v2\/media?parent=3484"}],"curies":[{"name":"wp","href":"https:\/\/api.w.org\/{rel}","templated":true}]}}